{"id":54,"date":"2024-11-27T00:05:55","date_gmt":"2024-11-27T00:05:55","guid":{"rendered":"https:\/\/movimientominga.com\/?page_id=54"},"modified":"2025-05-11T14:34:39","modified_gmt":"2025-05-11T14:34:39","slug":"informacion","status":"publish","type":"page","link":"https:\/\/movimientominga.com\/index.php\/informacion\/","title":{"rendered":"Huaquillas"},"content":{"rendered":"\n<p><strong>Idioma:<\/strong> Espa\u00f1ol<\/p>\n\n\n\n<p><strong>Gentilicio: <\/strong>Huaquillense<\/p>\n\n\n\n<p><strong>Cantonizaci\u00f3n: <\/strong>1 de octubre de 1980<\/p>\n\n\n\n<p>Huaquillas es un cant\u00f3n de la provincia de El Oro, de la Rep\u00fablica del Ecuador. La ciudad est\u00e1 ubicada al sur de la regi\u00f3n litoral, en la frontera con Per\u00fa, en la orilla del R\u00edo Zarumilla, a una altitud de 11 metros sobre el nivel del mar, con un clima \u00e1rido c\u00e1lido de 24,6 \u00b0C en promedio. Huaquillas fue declarado cant\u00f3n\u2026.<\/p>\n\n\n\n<p>Huaquillas es conocida como la \u00abCentinela sin relevo\u00bb, debido a su ubicaci\u00f3n geogr\u00e1fica y sus antecedentes hist\u00f3ricos en la defensa de la naci\u00f3n respecto de los conflictos con Per\u00fa. Las actividades principales de la ciudad son el comercio, la pesca y la producci\u00f3n de camar\u00f3n.<\/p>\n\n\n\n<p>Las autoridades del Gobierno Aut\u00f3nomo Descentralizado Municipal son: Alcalde: Sr. Luis Florencio Farez Reinoso; Concejales: Ing. Danilo Ra\u00fal Herrera Figueroa, Sr. Exar Novarino Lude\u00f1a Infante, Sr. Marlo Daniel Silva Lalangui, Abg. M\u00f3nica Andrea Ram\u00edrez Jaramillo, Psic. Ver\u00f3nica Alexandra N\u00fa\u00f1ez V\u00e1sconez.<\/p>\n\n\n\n<p>Huaquillas se encuentra organizado en 5 parroquias urbanas que son: Ecuador, Para\u00edso, Hualtaco, Milton Reyes y Uni\u00f3n Lojana, as\u00ed como un total de 56 barrios y ciudadelas. Los barrios y ciudadelas por cada parroquia son los siguientes:<\/p>\n\n\n\n<p><strong>I. Parroquia Ecuador<\/strong><\/p>\n\n\n\n<ol class=\"wp-block-list\">\n<li>Ecuador<\/li>\n\n\n\n<li>Eloy Alfaro<\/li>\n\n\n\n<li>Jos\u00e9 May\u00f3n<\/li>\n\n\n\n<li>Las Amazonas<\/li>\n\n\n\n<li>Las Mercedes<\/li>\n\n\n\n<li>Los Israelitas<\/li>\n\n\n\n<li>Martha Bucaram<\/li>\n\n\n\n<li>18 de Noviembre<\/li>\n<\/ol>\n\n\n\n<p><strong>II. Parroquia El Para\u00edso<\/strong><\/p>\n\n\n\n<ol class=\"wp-block-list\">\n<li>El Carmen<\/li>\n\n\n\n<li>El Para\u00edso<\/li>\n\n\n\n<li>La Primavera<\/li>\n\n\n\n<li>Los Artesanos<\/li>\n\n\n\n<li>Nueva Aurora<\/li>\n\n\n\n<li>Rumi\u00f1ahui<\/li>\n\n\n\n<li>Uni\u00f3n y Progreso<\/li>\n<\/ol>\n\n\n\n<p><strong>III. Parroquia Hualtaco<\/strong><\/p>\n\n\n\n<ol class=\"wp-block-list\">\n<li>Abd\u00f3n Calder\u00f3n<\/li>\n\n\n\n<li>Asociaci\u00f3n de Empleados<\/li>\n\n\n\n<li>Brisas de Am\u00e9rica<\/li>\n\n\n\n<li>Brisas del Mar<\/li>\n\n\n\n<li>Choferes Sportman<\/li>\n\n\n\n<li>Jambel\u00ed<\/li>\n\n\n\n<li>Las Am\u00e9ricas<\/li>\n\n\n\n<li>Luz del Mundo<\/li>\n\n\n\n<li>Puerto Hualtaco<\/li>\n\n\n\n<li>Sim\u00f3n Bol\u00edvar<\/li>\n\n\n\n<li>San Gregorio<\/li>\n\n\n\n<li>San Rafael<\/li>\n<\/ol>\n\n\n\n<p><strong>IV. Parroquia Milton Reyes<\/strong><\/p>\n\n\n\n<ol class=\"wp-block-list\">\n<li>El Cisne<\/li>\n\n\n\n<li>Juan Montalvo<\/li>\n\n\n\n<li>Las Brisas<\/li>\n\n\n\n<li>Milton Reyes<\/li>\n\n\n\n<li>Miraflores<\/li>\n\n\n\n<li>1 de Mayo<\/li>\n\n\n\n<li>9 de Octubre<\/li>\n\n\n\n<li>24 de Mayo<\/li>\n<\/ol>\n\n\n\n<p><strong>V. Parroquia Uni\u00f3n Lojana<\/strong><\/p>\n\n\n\n<ol class=\"wp-block-list\">\n<li>Alborada<\/li>\n\n\n\n<li>Campos Verdes <\/li>\n\n\n\n<li>Ciudad Austral<\/li>\n\n\n\n<li>Complejo Residencial Rub\u00ed <\/li>\n\n\n\n<li>El Bosque&nbsp;<\/li>\n\n\n\n<li>El Dorado&nbsp;<\/li>\n\n\n\n<li>El Pescador&nbsp;<\/li>\n\n\n\n<li>F. Daquilema&nbsp;<\/li>\n\n\n\n<li>Jaime Hurtado&nbsp;<\/li>\n\n\n\n<li>Jaime Roldos&nbsp;<\/li>\n\n\n\n<li>Juan Nu\u00f1ez<\/li>\n\n\n\n<li>La Esperanza <\/li>\n\n\n\n<li>La Floresta<\/li>\n\n\n\n<li>Las Orqu\u00eddeas&nbsp;<\/li>\n\n\n\n<li>Los Ceibos<\/li>\n\n\n\n<li>Los Girasoles <\/li>\n\n\n\n<li>Los Vergeles <\/li>\n\n\n\n<li>Lotizaci\u00f3n Los \u00c1ngeles<\/li>\n\n\n\n<li>Luz y Vida<\/li>\n\n\n\n<li>Manuel Aguirre<\/li>\n\n\n\n<li>Nuevos Horizontes<\/li>\n\n\n\n<li>San Francisco<\/li>\n\n\n\n<li>Uni\u00f3n Lojana<\/li>\n\n\n\n<li>Urdeza<\/li>\n\n\n\n<li>1 de Octubre<\/li>\n\n\n\n<li>8 de Septiembre&nbsp;<\/li>\n\n\n\n<li>12 de Agosto <\/li>\n\n\n\n<li>12 de Octubre<\/li>\n\n\n\n<li>16 de Julio<\/li>\n<\/ol>\n\n\n\n<p><strong>Datos de Huaquillas seg\u00fan el censo de 2022<\/strong><\/p>\n\n\n\n<p><strong>Pobreza por necesidades b\u00e1sicas insatisfechas<\/strong>: 41,3%.<\/p>\n\n\n\n<p><strong>Anabalfabetismo<\/strong>: 2,0%, personas que no saben leer ni escribir<\/p>\n\n\n\n<p><strong>Poblaci\u00f3n<\/strong>: 56.303 habitantes, de los cuales 48,7% son hombres y el 51,3% son mujeres. El 95,6% de la poblaci\u00f3n es mestiza.&nbsp;&nbsp;<\/p>\n\n\n\n<p><strong>Total de hogares<\/strong>: 17.547<\/p>\n\n\n\n<p><strong>Total de viviendas:<\/strong> 22.423<\/p>\n\n\n\n<p><strong>Poblaci\u00f3n con dificultades funcionales permanentes: <\/strong>3.130, poblaci\u00f3n que tiene mucha o total dificultad para caminar, ba\u00f1arse, hablar, o\u00edr, ver o recordar<\/p>\n\n\n\n<p><strong>D\u00e9ficit habitacional cualitativo:<\/strong> 39,2%, viviendas con sus materiales del piso, paredes y techo no est\u00e1n en las mejores condiciones, pero se puede mejorar<\/p>\n\n\n\n<p><strong>D\u00e9ficit habitacional cuantitativo:<\/strong> 23,2%, viviendas que sus materiales del piso, paredes y techo se consideran precarios, no se pueden mejorar y no son habitables<\/p>\n\n\n\n<p><strong>Cobertura de servicios b\u00e1sicos: <\/strong>electricidad 98,4%; agua potable 97,7%; alcantarillado 75,0%; recolecci\u00f3n de basura 96,2%<\/p>\n\n\n\n<p><strong>Poblaci\u00f3n ocupada por rama de actividad: <\/strong>servicios 8.778; comercio 6.223; agricultura y minas 2.196; manufactura 1.755; construcci\u00f3n 1.436<\/p>\n\n\n\n<p><strong>Acceso a tecnolog\u00eda: <\/strong>analfabetismo digital 4,3%; usan internet 77,4%; usan tel\u00e9fono celular 85,4%; usan tablet 3,7%; usan computadora 20,0%<\/p>\n\n\n\n<p><strong>Nivel de instrucci\u00f3n educativa: <\/strong>anabalfabetismo 2,0%; b\u00e1sica 43,1%; bachillerato 36,6%; postbachillerato 0,3%; y, superior 15,9%; postgrado 1,1%&nbsp;<\/p>\n\n\n\n<p><strong>Bandera de Huaquillas<\/strong><\/p>\n\n\n\n<figure class=\"wp-block-image\"><img decoding=\"async\" src=\"https:\/\/lh7-rt.googleusercontent.com\/docsz\/AD_4nXdjgnNh9pu_FkAQlgd9-YLD3YcnpAQaV3SAE0j-hhPbRSYWYm8dOjvGQ1sBSPNLoO8RAROVfCPXthoTn9TZHGzygDGEQp9mmL-4CbG5b6wpvKozCHbzAZ6PegIXwb8oVPeqMoDEHNTDymiqRynXUVxHTGcGQsBT2Pc7UB_W4Q?key=kTOFy8gmtnPoDc-XtgZtNg\" alt=\"\"\/><\/figure>\n\n\n\n<p>Autor\u00eda de la Lcda. Rosa Ang\u00e9lica Orellana, ganadora del concurso organizado para dicho prop\u00f3sito.&nbsp;<\/p>\n\n\n\n<p><strong>Escudo de Huaquillas<\/strong><\/p>\n\n\n\n<figure class=\"wp-block-image\"><img decoding=\"async\" src=\"https:\/\/lh7-rt.googleusercontent.com\/docsz\/AD_4nXe8J3B5sEHcaqra-dQoLtqgXC8-Kd6b8vi6ju8-3yU6Z3AboK4F15FwDVFcMeDK4fIY__cPNHhXlkVUst55sRYQ8d1FG859ITo6Jw8mm4DqlqDNaIAkW3bTMkQRpFkGkxCNmzA-Drl6vt2UHJONugSb4E6aY2MRgbk-yg_9CA?key=kTOFy8gmtnPoDc-XtgZtNg\" alt=\"\"\/><\/figure>\n\n\n\n<p>El autor de este importante s\u00edmbolo hist\u00f3rico fue Don Jos\u00e9 Orlando Naula Ajila, seleccionado el escudo mediante concurso.<\/p>\n","protected":false},"excerpt":{"rendered":"<p>Idioma: Espa\u00f1ol Gentilicio: Huaquillense Cantonizaci\u00f3n: 1 de octubre de 1980 Huaquillas es un cant\u00f3n de la provincia de El Oro, de la Rep\u00fablica del Ecuador. La ciudad est\u00e1 ubicada al sur de la regi\u00f3n litoral, en la frontera con Per\u00fa, en la orilla del R\u00edo Zarumilla, a una altitud de 11 metros sobre el nivel [&hellip;]<\/p>\n","protected":false},"author":1,"featured_media":0,"parent":0,"menu_order":0,"comment_status":"closed","ping_status":"closed","template":"","meta":{"footnotes":""},"class_list":["post-54","page","type-page","status-publish","hentry"],"_links":{"self":[{"href":"https:\/\/movimientominga.com\/index.php\/wp-json\/wp\/v2\/pages\/54","targetHints":{"allow":["GET"]}}],"collection":[{"href":"https:\/\/movimientominga.com\/index.php\/wp-json\/wp\/v2\/pages"}],"about":[{"href":"https:\/\/movimientominga.com\/index.php\/wp-json\/wp\/v2\/types\/page"}],"author":[{"embeddable":true,"href":"https:\/\/movimientominga.com\/index.php\/wp-json\/wp\/v2\/users\/1"}],"replies":[{"embeddable":true,"href":"https:\/\/movimientominga.com\/index.php\/wp-json\/wp\/v2\/comments?post=54"}],"version-history":[{"count":3,"href":"https:\/\/movimientominga.com\/index.php\/wp-json\/wp\/v2\/pages\/54\/revisions"}],"predecessor-version":[{"id":127,"href":"https:\/\/movimientominga.com\/index.php\/wp-json\/wp\/v2\/pages\/54\/revisions\/127"}],"wp:attachment":[{"href":"https:\/\/movimientominga.com\/index.php\/wp-json\/wp\/v2\/media?parent=54"}],"curies":[{"name":"wp","href":"https:\/\/api.w.org\/{rel}","templated":true}]}}