{"id":2,"date":"2024-11-23T21:49:00","date_gmt":"2024-11-23T21:49:00","guid":{"rendered":"https:\/\/movimientominga.com\/?page_id=2"},"modified":"2025-01-19T02:59:48","modified_gmt":"2025-01-19T02:59:48","slug":"quienes-somos","status":"publish","type":"page","link":"https:\/\/movimientominga.com\/index.php\/quienes-somos\/","title":{"rendered":"MOVIMIENTO DE INTEGRACI\u00d3N POR UN GOBIERNO ALTERNATIVO, \u00abMINGA\u00bb"},"content":{"rendered":"\n<h2 class=\"wp-block-heading\">Somos:<\/h2>\n\n\n\n<p><strong>Patriotas.- <\/strong>Somos una organizaci\u00f3n pol\u00edtica, patri\u00f3tica y revolucionaria porque defendemos la soberan\u00eda, autodeterminaci\u00f3n y la identidad nacional, creemos en el movimiento y transformaci\u00f3n permanente del universo, del pensamiento y de la sociedad, para alcanzar estadios m\u00e1s altos de progreso y desarrollo; por esa misma raz\u00f3n nuestra elaboraci\u00f3n te\u00f3rica y la pr\u00e1ctica deben estar en concordancia con los permanentes cambios que vivimos en la realidad, para mantener la objetividad.&nbsp;<\/p>\n\n\n\n<p>Declaramos ser revolucionarios porque amamos la vida, la naturaleza y la patria que es nuestra morada; abrazamos la causa revolucionaria porque queremos un cambio radical de las estructuras, una sociedad nueva, un ser humano nuevo, una vida renovada y feliz.&nbsp;<\/p>\n\n\n\n<p><strong>Humanistas.- <\/strong>Nos identificamos con el humanismo revolucionario porque en el centro de nuestra preocupaci\u00f3n est\u00e1n los seres humanos, queremos alcanzar la utop\u00eda de su realizaci\u00f3n, su dignidad y felicidad espiritual-material; estamos por lograr el nivel m\u00e1s elevado de formaci\u00f3n cient\u00edfico-t\u00e9cnica, por el cultivo de las virtudes humanas m\u00e1s altas para beneficio de todos, por el ejercicio pr\u00e1ctico de los valores de convivencia m\u00e1s sanos y positivos para la vida y desarrollo de la sociedad.&nbsp;<\/p>\n\n\n\n<p><strong>Solidarios.- <\/strong>Somos solidarios porque luchamos contra todo discrimen, econ\u00f3mico, pol\u00edtico, social, \u00e9tnico, cultural, moral, de g\u00e9nero y generacional, para lograr una conducta social respetuosa de lo diverso, respetuosa de todos los hombres y mujeres sin distinci\u00f3n alguna, porque vamos a inculcar y practicar la ayuda mutua y la sensibilidad con el dolor y las necesidades humanas.<\/p>\n\n\n\n<p><strong>Democr\u00e1ticos.- <\/strong>Tenemos una convicci\u00f3n esencialmente democr\u00e1tica porque \u00e9sta exige el respeto mutuo entre las personas a quienes valoramos para que aporten con sus virtudes y talentos intelectuales, afectivos y sus destrezas f\u00edsicas en las acciones de nuestro movimiento para la lucha por una nueva vida, la pr\u00e1ctica de la democracia plena, incluyente, transparenta la vida de los que conformamos un colectivo, fortalece el trabajo com\u00fan, disciplina, crea confianza, genera solidaridad, lealtad e igualdad entre todos y otros principios b\u00e1sicos para la vida social, la acci\u00f3n democr\u00e1tica tambi\u00e9n entra\u00f1a, adem\u00e1s de los aspectos citados, la capacidad para delegar, en determinadas circunstancias, a otras personas las actividades que no podemos realizarlas personalmente y la disciplina para asumir las decisiones de la mayor\u00eda como si fueran propias.<\/p>\n\n\n\n<p><strong>Unitarios.- <\/strong>Practicamos la acci\u00f3n unitaria porque la sociedad humana es un colectivo organizado gracias al cual ha podido evolucionar, estamos convencidos que la unidad de los seres humanos explotados lograr\u00e1 convertir el pa\u00eds, en una nueva sociedad, por eso combatiremos el individualismo que es antinatural en las personas y las degradan. La unidad la conseguiremos proponi\u00e9ndonos objetivos comunes y en medio del cumplimiento de los acuerdos unitarios, para transformar el cant\u00f3n y pa\u00eds.<\/p>\n\n\n\n<p><strong>Internacionalistas.- <\/strong>Nuestra posici\u00f3n es tambi\u00e9n internacionalista porque convivimos en un universo com\u00fan todos los seres humanos por eso estaremos con las luchas y reivindicaciones de los excluidos y explotados de todo el mundo, porque deseamos la transformaci\u00f3n revolucionaria de la sociedad y la liberaci\u00f3n definitiva de la humanidad, no s\u00f3lo en nuestro pa\u00eds sino en el planeta, para edificar una aldea comunitaria mundial que beneficie a todos.<\/p>\n","protected":false},"excerpt":{"rendered":"<p>Somos: Patriotas.- Somos una organizaci\u00f3n pol\u00edtica, patri\u00f3tica y revolucionaria porque defendemos la soberan\u00eda, autodeterminaci\u00f3n y la identidad nacional, creemos en el movimiento y transformaci\u00f3n permanente del universo, del pensamiento y de la sociedad, para alcanzar estadios m\u00e1s altos de progreso y desarrollo; por esa misma raz\u00f3n nuestra elaboraci\u00f3n te\u00f3rica y la pr\u00e1ctica deben estar en [&hellip;]<\/p>\n","protected":false},"author":1,"featured_media":0,"parent":0,"menu_order":0,"comment_status":"closed","ping_status":"closed","template":"","meta":{"footnotes":""},"class_list":["post-2","page","type-page","status-publish","hentry"],"_links":{"self":[{"href":"https:\/\/movimientominga.com\/index.php\/wp-json\/wp\/v2\/pages\/2","targetHints":{"allow":["GET"]}}],"collection":[{"href":"https:\/\/movimientominga.com\/index.php\/wp-json\/wp\/v2\/pages"}],"about":[{"href":"https:\/\/movimientominga.com\/index.php\/wp-json\/wp\/v2\/types\/page"}],"author":[{"embeddable":true,"href":"https:\/\/movimientominga.com\/index.php\/wp-json\/wp\/v2\/users\/1"}],"replies":[{"embeddable":true,"href":"https:\/\/movimientominga.com\/index.php\/wp-json\/wp\/v2\/comments?post=2"}],"version-history":[{"count":3,"href":"https:\/\/movimientominga.com\/index.php\/wp-json\/wp\/v2\/pages\/2\/revisions"}],"predecessor-version":[{"id":116,"href":"https:\/\/movimientominga.com\/index.php\/wp-json\/wp\/v2\/pages\/2\/revisions\/116"}],"wp:attachment":[{"href":"https:\/\/movimientominga.com\/index.php\/wp-json\/wp\/v2\/media?parent=2"}],"curies":[{"name":"wp","href":"https:\/\/api.w.org\/{rel}","templated":true}]}}